{"id":1140,"date":"2023-05-08T08:21:49","date_gmt":"2023-05-08T08:21:49","guid":{"rendered":"https:\/\/repositoriocoeducacion.edukalboan.org\/?page_id=1140"},"modified":"2023-05-16T10:46:17","modified_gmt":"2023-05-16T10:46:17","slug":"novedades","status":"publish","type":"page","link":"https:\/\/repositoriocoeducacion.edukalboan.org\/eu\/novedades\/","title":{"rendered":"Berritasunak"},"content":{"rendered":"<div data-elementor-type=\"wp-page\" data-elementor-id=\"1140\" class=\"elementor elementor-1140\">\n\t\t\t\t\t\t<section class=\"elementor-section elementor-top-section elementor-element elementor-element-2e95ee2 elementor-section-boxed elementor-section-height-default elementor-section-height-default\" data-id=\"2e95ee2\" data-element_type=\"section\">\n\t\t\t\t\t\t<div class=\"elementor-container elementor-column-gap-default\">\n\t\t\t\t\t<div class=\"elementor-column elementor-col-100 elementor-top-column elementor-element elementor-element-3a32a56\" data-id=\"3a32a56\" data-element_type=\"column\">\n\t\t\t<div class=\"elementor-widget-wrap elementor-element-populated\">\n\t\t\t\t\t\t<div class=\"elementor-element elementor-element-63d4609 elementor-widget elementor-widget-heading\" data-id=\"63d4609\" data-element_type=\"widget\" data-widget_type=\"heading.default\">\n\t\t\t\t<div class=\"elementor-widget-container\">\n\t\t\t<style>\/*! elementor - v3.20.0 - 11-03-2024 *\/\n.elementor-heading-title{padding:0;margin:0;line-height:1}.elementor-widget-heading .elementor-heading-title[class*=elementor-size-]>a{color:inherit;font-size:inherit;line-height:inherit}.elementor-widget-heading .elementor-heading-title.elementor-size-small{font-size:15px}.elementor-widget-heading .elementor-heading-title.elementor-size-medium{font-size:19px}.elementor-widget-heading .elementor-heading-title.elementor-size-large{font-size:29px}.elementor-widget-heading .elementor-heading-title.elementor-size-xl{font-size:39px}.elementor-widget-heading .elementor-heading-title.elementor-size-xxl{font-size:59px}<\/style><h2 class=\"elementor-heading-title elementor-size-default\">Berritasunak<\/h2>\t\t<\/div>\n\t\t\t\t<\/div>\n\t\t\t\t\t<\/div>\n\t\t<\/div>\n\t\t\t\t\t<\/div>\n\t\t<\/section>\n\t\t\t\t<section class=\"elementor-section elementor-top-section elementor-element elementor-element-090167a elementor-section-boxed elementor-section-height-default elementor-section-height-default\" data-id=\"090167a\" data-element_type=\"section\" id=\"buscador\">\n\t\t\t\t\t\t<div class=\"elementor-container elementor-column-gap-default\">\n\t\t\t\t\t<div class=\"elementor-column elementor-col-50 elementor-top-column elementor-element elementor-element-cf1e09d\" data-id=\"cf1e09d\" data-element_type=\"column\">\n\t\t\t<div class=\"elementor-widget-wrap elementor-element-populated\">\n\t\t\t\t\t\t<div class=\"elementor-element elementor-element-08213e3 elementor-grid-eael-col-2 elementor-grid-tablet-eael-col-1 elementor-grid-mobile_extra-eael-col-1 elementor-grid-mobile-eael-col-1 elementor-widget elementor-widget-eael-post-grid\" data-id=\"08213e3\" data-element_type=\"widget\" data-settings=\"{&quot;eael_post_grid_columns&quot;:&quot;eael-col-2&quot;,&quot;eael_post_grid_columns_tablet&quot;:&quot;eael-col-1&quot;,&quot;eael_post_grid_columns_mobile_extra&quot;:&quot;eael-col-1&quot;,&quot;eael_post_grid_columns_mobile&quot;:&quot;eael-col-1&quot;}\" data-widget_type=\"eael-post-grid.default\">\n\t\t\t\t<div class=\"elementor-widget-container\">\n\t\t\t<div id=\"eael-post-grid-08213e3\" class=\"eael-post-grid-container\">\n            <div class=\"eael-post-grid eael-post-appender eael-post-appender-08213e3 eael-post-grid-style-three\" data-layout-mode=\"grid\"><article class=\"eael-grid-post eael-post-grid-column\" data-id=\"1862\">\n        <div class=\"eael-grid-post-holder\">\n            <div class=\"eael-grid-post-holder-inner\"><div class=\"eael-entry-media\"><div class=\"eael-entry-overlay none\"><i class=\"fas fa-long-arrow-alt-right\" aria-hidden=\"true\"><\/i><a href=\"https:\/\/repositoriocoeducacion.edukalboan.org\/eu\/dopamina\/\"><\/a><\/div><div class=\"eael-entry-thumbnail\">\n                 <img fetchpriority=\"high\" decoding=\"async\" width=\"619\" height=\"804\" src=\"https:\/\/repositoriocoeducacion.edukalboan.org\/wp-content\/uploads\/2023\/11\/Captura-de-pantalla-2023-11-22-131612-1.png\" class=\"attachment-full size-full wp-image-1865\" alt=\"\" srcset=\"https:\/\/repositoriocoeducacion.edukalboan.org\/wp-content\/uploads\/2023\/11\/Captura-de-pantalla-2023-11-22-131612-1.png 619w, https:\/\/repositoriocoeducacion.edukalboan.org\/wp-content\/uploads\/2023\/11\/Captura-de-pantalla-2023-11-22-131612-1-231x300.png 231w, https:\/\/repositoriocoeducacion.edukalboan.org\/wp-content\/uploads\/2023\/11\/Captura-de-pantalla-2023-11-22-131612-1-9x12.png 9w\" sizes=\"(max-width: 619px) 100vw, 619px\" \/>\n             <\/div>\n        <\/div><div class=\"eael-entry-wrapper\"><header class=\"eael-entry-header\"><h2 class=\"eael-entry-title\"><a\n                        class=\"eael-grid-post-link\"\n                        href=\"https:\/\/repositoriocoeducacion.edukalboan.org\/eu\/dopamina\/\"\n                        title=\"DOPAMINA\">DOPAMINA<\/a><\/h2><\/header><div class=\"eael-entry-content\">\n                        <div class=\"eael-grid-post-excerpt\"><p>Pornografiaren eraginari buruzko informazioa.<\/p><a\n                            href=\"https:\/\/repositoriocoeducacion.edukalboan.org\/eu\/dopamina\/\"\n                            class=\"eael-post-elements-readmore-btn\"target=\"_blank\">Gehiago irakurri<\/a><\/div>\n                    <\/div><\/div><\/div>\n        <\/div>\n    <\/article><article class=\"eael-grid-post eael-post-grid-column\" data-id=\"1837\">\n        <div class=\"eael-grid-post-holder\">\n            <div class=\"eael-grid-post-holder-inner\"><div class=\"eael-entry-media\"><div class=\"eael-entry-overlay none\"><i class=\"fas fa-long-arrow-alt-right\" aria-hidden=\"true\"><\/i><a href=\"https:\/\/repositoriocoeducacion.edukalboan.org\/eu\/proyecto-kinder\/\"><\/a><\/div><div class=\"eael-entry-thumbnail\">\n                 <img decoding=\"async\" width=\"1110\" height=\"672\" src=\"https:\/\/repositoriocoeducacion.edukalboan.org\/wp-content\/uploads\/2023\/11\/Captura-de-pantalla-2023-11-22-120034-2.png\" class=\"attachment-full size-full wp-image-1840\" alt=\"\" srcset=\"https:\/\/repositoriocoeducacion.edukalboan.org\/wp-content\/uploads\/2023\/11\/Captura-de-pantalla-2023-11-22-120034-2.png 1110w, https:\/\/repositoriocoeducacion.edukalboan.org\/wp-content\/uploads\/2023\/11\/Captura-de-pantalla-2023-11-22-120034-2-300x182.png 300w, https:\/\/repositoriocoeducacion.edukalboan.org\/wp-content\/uploads\/2023\/11\/Captura-de-pantalla-2023-11-22-120034-2-1024x620.png 1024w, https:\/\/repositoriocoeducacion.edukalboan.org\/wp-content\/uploads\/2023\/11\/Captura-de-pantalla-2023-11-22-120034-2-768x465.png 768w, https:\/\/repositoriocoeducacion.edukalboan.org\/wp-content\/uploads\/2023\/11\/Captura-de-pantalla-2023-11-22-120034-2-18x12.png 18w\" sizes=\"(max-width: 1110px) 100vw, 1110px\" \/>\n             <\/div>\n        <\/div><div class=\"eael-entry-wrapper\"><header class=\"eael-entry-header\"><h2 class=\"eael-entry-title\"><a\n                        class=\"eael-grid-post-link\"\n                        href=\"https:\/\/repositoriocoeducacion.edukalboan.org\/eu\/proyecto-kinder\/\"\n                        title=\"Kinder proiektua\">Kinder proiektua<\/a><\/h2><\/header><div class=\"eael-entry-content\">\n                        <div class=\"eael-grid-post-excerpt\"><p>Kinder 2021etik 2023ra bitartean Espainiak, Portugalek eta Kroaziak garatutako Europako proiektua da. Hemen baliabide erabilgarrien bilduma bat aurki dezakezu, haur eta lehen hezkuntzako geletan eta geletatik kanpo erabiltzeko.<\/p><a\n                            href=\"https:\/\/repositoriocoeducacion.edukalboan.org\/eu\/proyecto-kinder\/\"\n                            class=\"eael-post-elements-readmore-btn\"target=\"_blank\">Gehiago irakurri<\/a><\/div>\n                    <\/div><\/div><\/div>\n        <\/div>\n    <\/article><article class=\"eael-grid-post eael-post-grid-column\" data-id=\"1802\">\n        <div class=\"eael-grid-post-holder\">\n            <div class=\"eael-grid-post-holder-inner\"><div class=\"eael-entry-media\"><div class=\"eael-entry-overlay none\"><i class=\"fas fa-long-arrow-alt-right\" aria-hidden=\"true\"><\/i><a href=\"https:\/\/repositoriocoeducacion.edukalboan.org\/eu\/historia-de-el-feminismo\/\"><\/a><\/div><div class=\"eael-entry-thumbnail\">\n                 <img decoding=\"async\" width=\"1199\" height=\"902\" src=\"https:\/\/repositoriocoeducacion.edukalboan.org\/wp-content\/uploads\/2023\/05\/Captura-de-pantalla-2023-05-18-a-las-10.55.43.png\" class=\"attachment-full size-full wp-image-1804\" alt=\"\" srcset=\"https:\/\/repositoriocoeducacion.edukalboan.org\/wp-content\/uploads\/2023\/05\/Captura-de-pantalla-2023-05-18-a-las-10.55.43.png 1199w, https:\/\/repositoriocoeducacion.edukalboan.org\/wp-content\/uploads\/2023\/05\/Captura-de-pantalla-2023-05-18-a-las-10.55.43-300x226.png 300w, https:\/\/repositoriocoeducacion.edukalboan.org\/wp-content\/uploads\/2023\/05\/Captura-de-pantalla-2023-05-18-a-las-10.55.43-1024x770.png 1024w, https:\/\/repositoriocoeducacion.edukalboan.org\/wp-content\/uploads\/2023\/05\/Captura-de-pantalla-2023-05-18-a-las-10.55.43-768x578.png 768w, https:\/\/repositoriocoeducacion.edukalboan.org\/wp-content\/uploads\/2023\/05\/Captura-de-pantalla-2023-05-18-a-las-10.55.43-16x12.png 16w\" sizes=\"(max-width: 1199px) 100vw, 1199px\" \/>\n             <\/div>\n        <\/div><div class=\"eael-entry-wrapper\"><header class=\"eael-entry-header\"><h2 class=\"eael-entry-title\"><a\n                        class=\"eael-grid-post-link\"\n                        href=\"https:\/\/repositoriocoeducacion.edukalboan.org\/eu\/historia-de-el-feminismo\/\"\n                        title=\"Feminismoaren historia\">Feminismoaren historia<\/a><\/h2><\/header><div class=\"eael-entry-content\">\n                        <div class=\"eael-grid-post-excerpt\"><p>Orain arte feminismoan barrena ibili gara mendebaldeko herrialdeetan edo herrialde garatuetan. XX. mendearen azken herenetik aurrera, feminismoak munduan dauden gizarteen errealitatea erakusten du. Gainera, gizarte bakoitzean dauden klase desberdinen errealitatea bistaratzen du.<\/p><a\n                            href=\"https:\/\/repositoriocoeducacion.edukalboan.org\/eu\/historia-de-el-feminismo\/\"\n                            class=\"eael-post-elements-readmore-btn\"target=\"_blank\">Gehiago irakurri<\/a><\/div>\n                    <\/div><\/div><\/div>\n        <\/div>\n    <\/article><article class=\"eael-grid-post eael-post-grid-column\" data-id=\"1794\">\n        <div class=\"eael-grid-post-holder\">\n            <div class=\"eael-grid-post-holder-inner\"><div class=\"eael-entry-media\"><div class=\"eael-entry-overlay none\"><i class=\"fas fa-long-arrow-alt-right\" aria-hidden=\"true\"><\/i><a href=\"https:\/\/repositoriocoeducacion.edukalboan.org\/eu\/guia-si-no-es-mutuo-no-es-con-sentido\/\"><\/a><\/div><div class=\"eael-entry-thumbnail\">\n                 <img loading=\"lazy\" decoding=\"async\" width=\"636\" height=\"911\" src=\"https:\/\/repositoriocoeducacion.edukalboan.org\/wp-content\/uploads\/2023\/05\/Captura-de-pantalla-2023-05-18-a-las-10.51.02.png\" class=\"attachment-full size-full wp-image-1796\" alt=\"\" srcset=\"https:\/\/repositoriocoeducacion.edukalboan.org\/wp-content\/uploads\/2023\/05\/Captura-de-pantalla-2023-05-18-a-las-10.51.02.png 636w, https:\/\/repositoriocoeducacion.edukalboan.org\/wp-content\/uploads\/2023\/05\/Captura-de-pantalla-2023-05-18-a-las-10.51.02-209x300.png 209w, https:\/\/repositoriocoeducacion.edukalboan.org\/wp-content\/uploads\/2023\/05\/Captura-de-pantalla-2023-05-18-a-las-10.51.02-8x12.png 8w\" sizes=\"(max-width: 636px) 100vw, 636px\" \/>\n             <\/div>\n        <\/div><div class=\"eael-entry-wrapper\"><header class=\"eael-entry-header\"><h2 class=\"eael-entry-title\"><a\n                        class=\"eael-grid-post-link\"\n                        href=\"https:\/\/repositoriocoeducacion.edukalboan.org\/eu\/guia-si-no-es-mutuo-no-es-con-sentido\/\"\n                        title=\"&quot;si no es mutuo no es con-sentido&quot; gida\">\"si no es mutuo no es con-sentido\" gida<\/a><\/h2><\/header><div class=\"eael-entry-content\">\n                        <div class=\"eael-grid-post-excerpt\"><p>Imajinatu PSY entzuten ari zarela norbaitekin eta Gangnam Style gustatzen zaizula norbaiti esaten diozu. Gauaren erdian, pertsona hori jauzika sartzen da zure logelan Gangnam Stylerekin, bolumen osoan...<\/p><a\n                            href=\"https:\/\/repositoriocoeducacion.edukalboan.org\/eu\/guia-si-no-es-mutuo-no-es-con-sentido\/\"\n                            class=\"eael-post-elements-readmore-btn\"target=\"_blank\">Gehiago irakurri<\/a><\/div>\n                    <\/div><\/div><\/div>\n        <\/div>\n    <\/article><article class=\"eael-grid-post eael-post-grid-column\" data-id=\"1786\">\n        <div class=\"eael-grid-post-holder\">\n            <div class=\"eael-grid-post-holder-inner\"><div class=\"eael-entry-media\"><div class=\"eael-entry-overlay none\"><i class=\"fas fa-long-arrow-alt-right\" aria-hidden=\"true\"><\/i><a href=\"https:\/\/repositoriocoeducacion.edukalboan.org\/eu\/koroletako-tximeletak\/\"><\/a><\/div><div class=\"eael-entry-thumbnail\">\n                 <img loading=\"lazy\" decoding=\"async\" width=\"636\" height=\"911\" src=\"https:\/\/repositoriocoeducacion.edukalboan.org\/wp-content\/uploads\/2023\/05\/koroletako-tximeletak-.png\" class=\"attachment-full size-full wp-image-1790\" alt=\"\" srcset=\"https:\/\/repositoriocoeducacion.edukalboan.org\/wp-content\/uploads\/2023\/05\/koroletako-tximeletak-.png 636w, https:\/\/repositoriocoeducacion.edukalboan.org\/wp-content\/uploads\/2023\/05\/koroletako-tximeletak--209x300.png 209w, https:\/\/repositoriocoeducacion.edukalboan.org\/wp-content\/uploads\/2023\/05\/koroletako-tximeletak--8x12.png 8w\" sizes=\"(max-width: 636px) 100vw, 636px\" \/>\n             <\/div>\n        <\/div><div class=\"eael-entry-wrapper\"><header class=\"eael-entry-header\"><h2 class=\"eael-entry-title\"><a\n                        class=\"eael-grid-post-link\"\n                        href=\"https:\/\/repositoriocoeducacion.edukalboan.org\/eu\/koroletako-tximeletak\/\"\n                        title=\"Koroletako tximeletak\">Koroletako tximeletak<\/a><\/h2><\/header><div class=\"eael-entry-content\">\n                        <div class=\"eael-grid-post-excerpt\"><p>-Kaixo! Nola zaudete? Roberto da nire izena, 10 urte dauzkat eta Angolako herrixka batean bizi naiz. Gustukoa dut eskolara joatea, baina gustukoen-gustukoena lagunekin jolas egitea...<\/p><a\n                            href=\"https:\/\/repositoriocoeducacion.edukalboan.org\/eu\/koroletako-tximeletak\/\"\n                            class=\"eael-post-elements-readmore-btn\"target=\"_blank\">Gehiago irakurri<\/a><\/div>\n                    <\/div><\/div><\/div>\n        <\/div>\n    <\/article><article class=\"eael-grid-post eael-post-grid-column\" data-id=\"1778\">\n        <div class=\"eael-grid-post-holder\">\n            <div class=\"eael-grid-post-holder-inner\"><div class=\"eael-entry-media\"><div class=\"eael-entry-overlay none\"><i class=\"fas fa-long-arrow-alt-right\" aria-hidden=\"true\"><\/i><a href=\"https:\/\/repositoriocoeducacion.edukalboan.org\/eu\/aitzakarik-ez-jarduerak\/\"><\/a><\/div><div class=\"eael-entry-thumbnail\">\n                 <img loading=\"lazy\" decoding=\"async\" width=\"636\" height=\"911\" src=\"https:\/\/repositoriocoeducacion.edukalboan.org\/wp-content\/uploads\/2023\/05\/AITZARIK-EZ.png\" class=\"attachment-full size-full wp-image-1780\" alt=\"\" srcset=\"https:\/\/repositoriocoeducacion.edukalboan.org\/wp-content\/uploads\/2023\/05\/AITZARIK-EZ.png 636w, https:\/\/repositoriocoeducacion.edukalboan.org\/wp-content\/uploads\/2023\/05\/AITZARIK-EZ-209x300.png 209w, https:\/\/repositoriocoeducacion.edukalboan.org\/wp-content\/uploads\/2023\/05\/AITZARIK-EZ-8x12.png 8w\" sizes=\"(max-width: 636px) 100vw, 636px\" \/>\n             <\/div>\n        <\/div><div class=\"eael-entry-wrapper\"><header class=\"eael-entry-header\"><h2 class=\"eael-entry-title\"><a\n                        class=\"eael-grid-post-link\"\n                        href=\"https:\/\/repositoriocoeducacion.edukalboan.org\/eu\/aitzakarik-ez-jarduerak\/\"\n                        title=\"Aitzakarik ez jarduerak\">Aitzakarik ez jarduerak<\/a><\/h2><\/header><div class=\"eael-entry-content\">\n                        <div class=\"eael-grid-post-excerpt\"><p>Helburuak: Ikasleek dituzten ideiak antzematea. Gaiaren inguruan gogoeta egitea, iritziak eta argudioak era askotakoak direla kontuan hartuz. Deskripzioa: Ikasleek egindako proposamenetatik eta azaleko portadak behatzetik...<\/p><a\n                            href=\"https:\/\/repositoriocoeducacion.edukalboan.org\/eu\/aitzakarik-ez-jarduerak\/\"\n                            class=\"eael-post-elements-readmore-btn\"target=\"_blank\">Gehiago irakurri<\/a><\/div>\n                    <\/div><\/div><\/div>\n        <\/div>\n    <\/article><\/div>\n            <div class=\"clearfix\"><\/div>\n        <\/div>            <div class=\"eael-load-more-button-wrap\">\n                <button class=\"eael-load-more-button\" id=\"eael-load-more-btn-08213e3\" data-widget-id=\"08213e3\" data-widget=\"08213e3\" data-page-id=\"1140\" data-template=\"{&quot;dir&quot;:&quot;lite&quot;,&quot;file_name&quot;:&quot;default.php&quot;,&quot;name&quot;:&quot;Post-Grid&quot;}\" data-class=\"Essential_Addons_Elementor\\Elements\\Post_Grid\" data-layout=\"grid\" data-page=\"1\" data-args=\"orderby=date&amp;order=desc&amp;ignore_sticky_posts=1&amp;post_status=publish&amp;posts_per_page=6&amp;offset=&amp;post_type=post\" data-max-page=\"13\">\n                    <span class=\"eael-btn-loader button__loader\"><\/span>\n                    <span class=\"eael_load_more_text\">Gehiago kargatu<\/span>\n                <\/button>\n            <\/div>\n            \t\t<\/div>\n\t\t\t\t<\/div>\n\t\t\t\t\t<\/div>\n\t\t<\/div>\n\t\t\t\t<div class=\"elementor-column elementor-col-50 elementor-top-column elementor-element elementor-element-7b35b21\" data-id=\"7b35b21\" data-element_type=\"column\" data-settings=\"{&quot;background_background&quot;:&quot;classic&quot;}\">\n\t\t\t<div class=\"elementor-widget-wrap elementor-element-populated\">\n\t\t\t\t\t<div class=\"elementor-background-overlay\"><\/div>\n\t\t\t\t\t\t<section class=\"elementor-section elementor-inner-section elementor-element elementor-element-9fd7c68 elementor-section-boxed elementor-section-height-default elementor-section-height-default\" data-id=\"9fd7c68\" data-element_type=\"section\">\n\t\t\t\t\t\t<div class=\"elementor-container elementor-column-gap-default\">\n\t\t\t\t\t<div class=\"elementor-column elementor-col-100 elementor-inner-column elementor-element elementor-element-8b2b32a\" data-id=\"8b2b32a\" data-element_type=\"column\" data-settings=\"{&quot;background_background&quot;:&quot;classic&quot;}\">\n\t\t\t<div class=\"elementor-widget-wrap elementor-element-populated\">\n\t\t\t\t\t<div class=\"elementor-background-overlay\"><\/div>\n\t\t\t\t\t\t<div class=\"elementor-element elementor-element-55f96dd elementor-widget elementor-widget-wp-widget-search\" data-id=\"55f96dd\" data-element_type=\"widget\" data-widget_type=\"wp-widget-search.default\">\n\t\t\t\t<div class=\"elementor-widget-container\">\n\t\t\t<form role=\"search\" method=\"get\" class=\"search-form\" action=\"https:\/\/repositoriocoeducacion.edukalboan.org\/eu\/\" data-trp-original-action=\"https:\/\/repositoriocoeducacion.edukalboan.org\/eu\/\">\n\t\t\t\t<label>\n\t\t\t\t\t<span class=\"screen-reader-text\">Bilatu:<\/span>\n\t\t\t\t\t<input type=\"search\" class=\"search-field\" placeholder=\"Bilatu &hellip;\" value=\"\" name=\"s\" \/>\n\t\t\t\t<\/label>\n\t\t\t\t<input type=\"submit\" class=\"search-submit\" value=\"Bilatu\" \/>\n\t\t\t<input type=\"hidden\" name=\"trp-form-language\" value=\"eu\"\/><\/form>\t\t<\/div>\n\t\t\t\t<\/div>\n\t\t\t\t<div class=\"elementor-element elementor-element-c3d5a74 elementor-widget elementor-widget-wp-widget-recent-posts\" data-id=\"c3d5a74\" data-element_type=\"widget\" data-widget_type=\"wp-widget-recent-posts.default\">\n\t\t\t\t<div class=\"elementor-widget-container\">\n\t\t\t\n\t\t\n\t\t<h5>Azken bidalketak<\/h5>\n\t\t<ul>\n\t\t\t\t\t\t\t\t\t\t\t<li>\n\t\t\t\t\t<a href=\"https:\/\/repositoriocoeducacion.edukalboan.org\/eu\/dopamina\/\">DOPAMINA<\/a>\n\t\t\t\t\t\t\t\t\t<\/li>\n\t\t\t\t\t\t\t\t\t\t\t<li>\n\t\t\t\t\t<a href=\"https:\/\/repositoriocoeducacion.edukalboan.org\/eu\/proyecto-kinder\/\">Kinder proiektua<\/a>\n\t\t\t\t\t\t\t\t\t<\/li>\n\t\t\t\t\t\t\t\t\t\t\t<li>\n\t\t\t\t\t<a href=\"https:\/\/repositoriocoeducacion.edukalboan.org\/eu\/historia-de-el-feminismo\/\">Feminismoaren historia<\/a>\n\t\t\t\t\t\t\t\t\t<\/li>\n\t\t\t\t\t\t\t\t\t\t\t<li>\n\t\t\t\t\t<a href=\"https:\/\/repositoriocoeducacion.edukalboan.org\/eu\/guia-si-no-es-mutuo-no-es-con-sentido\/\">\"si no es mutuo no es con-sentido\" gida<\/a>\n\t\t\t\t\t\t\t\t\t<\/li>\n\t\t\t\t\t\t\t\t\t\t\t<li>\n\t\t\t\t\t<a href=\"https:\/\/repositoriocoeducacion.edukalboan.org\/eu\/koroletako-tximeletak\/\">Koroletako tximeletak<\/a>\n\t\t\t\t\t\t\t\t\t<\/li>\n\t\t\t\t\t<\/ul>\n\n\t\t\t\t<\/div>\n\t\t\t\t<\/div>\n\t\t\t\t<div class=\"elementor-element elementor-element-22c17d4 elementor-widget elementor-widget-wp-widget-archives\" data-id=\"22c17d4\" data-element_type=\"widget\" data-widget_type=\"wp-widget-archives.default\">\n\t\t\t\t<div class=\"elementor-widget-container\">\n\t\t\t<h5>Artxiboak<\/h5>\n\t\t\t<ul>\n\t\t\t\t\t<li><a href='https:\/\/repositoriocoeducacion.edukalboan.org\/eu\/2023\/11\/'>2023(e)ko azaroa<\/a><\/li>\n\t<li><a href='https:\/\/repositoriocoeducacion.edukalboan.org\/eu\/2023\/05\/'>2023(e)ko maiatza<\/a><\/li>\n\t<li><a href='https:\/\/repositoriocoeducacion.edukalboan.org\/eu\/2023\/04\/'>2023(e)ko apirila<\/a><\/li>\n\t\t\t<\/ul>\n\n\t\t\t\t\t<\/div>\n\t\t\t\t<\/div>\n\t\t\t\t\t<\/div>\n\t\t<\/div>\n\t\t\t\t\t<\/div>\n\t\t<\/section>\n\t\t\t\t\t<\/div>\n\t\t<\/div>\n\t\t\t\t\t<\/div>\n\t\t<\/section>\n\t\t\t\t<\/div>","protected":false},"excerpt":{"rendered":"<p>Novedades Transversalizaci\u00f3n de la perspectiva de g\u00e9nero fe y alegria El presente documento fue creado en el marco de Convenio de Educaci\u00f3n Transformadora de la Federaci\u00f3n Internacional Fe y Alegr\u00eda. Expone de manera sint\u00e9tica algunos&#8230; Leer m\u00e1s Hezkidetza emagin Ametsak borrokabide bihurtu dituzten atzoko, gaurko eta biharko euskal emakume guztiei: Zuek ereindako hazia kimu bihurtzen [&hellip;]<\/p>","protected":false},"author":1,"featured_media":0,"parent":0,"menu_order":0,"comment_status":"closed","ping_status":"closed","template":"","meta":{"_acf_changed":false,"footnotes":""},"acf":[],"_links":{"self":[{"href":"https:\/\/repositoriocoeducacion.edukalboan.org\/eu\/wp-json\/wp\/v2\/pages\/1140"}],"collection":[{"href":"https:\/\/repositoriocoeducacion.edukalboan.org\/eu\/wp-json\/wp\/v2\/pages"}],"about":[{"href":"https:\/\/repositoriocoeducacion.edukalboan.org\/eu\/wp-json\/wp\/v2\/types\/page"}],"author":[{"embeddable":true,"href":"https:\/\/repositoriocoeducacion.edukalboan.org\/eu\/wp-json\/wp\/v2\/users\/1"}],"replies":[{"embeddable":true,"href":"https:\/\/repositoriocoeducacion.edukalboan.org\/eu\/wp-json\/wp\/v2\/comments?post=1140"}],"version-history":[{"count":10,"href":"https:\/\/repositoriocoeducacion.edukalboan.org\/eu\/wp-json\/wp\/v2\/pages\/1140\/revisions"}],"predecessor-version":[{"id":1242,"href":"https:\/\/repositoriocoeducacion.edukalboan.org\/eu\/wp-json\/wp\/v2\/pages\/1140\/revisions\/1242"}],"wp:attachment":[{"href":"https:\/\/repositoriocoeducacion.edukalboan.org\/eu\/wp-json\/wp\/v2\/media?parent=1140"}],"curies":[{"name":"wp","href":"https:\/\/api.w.org\/{rel}","templated":true}]}}